{"id":3200,"date":"2023-10-20T10:44:12","date_gmt":"2023-10-20T08:44:12","guid":{"rendered":"https:\/\/www.cdi-sl.com\/producto\/coixi-quadrat\/"},"modified":"2023-10-20T10:44:12","modified_gmt":"2023-10-20T08:44:12","slug":"coixi-quadrat","status":"publish","type":"product","link":"https:\/\/www.cdi-sl.com\/ca\/producto\/coixi-quadrat\/","title":{"rendered":"Coix\u00ed quadrat"},"content":{"rendered":"","protected":false},"excerpt":{"rendered":"<p>Els nostres coixins quadrats s\u00f3n l&#8217;elecci\u00f3 perfecta per a afegir comoditat i estil a la teva llar. Aquests coixins vers\u00e0tils s\u00f3n molt m\u00e9s que simples accessoris de decoraci\u00f3, s\u00f3n expressions de la teva personalitat i gust.<\/p>\n<p>Fabricats amb materials d&#8217;alta qualitat, els nostres coixins s\u00f3n suaus al tacte i resistents. Pots personalitzar-los amb els teus dissenys, fotos o missatges especials per a donar-li al teu espai un toc \u00fanic i personal.<\/p>\n<p>Ja sigui que desitgis donar un nou aspecte a la teva sala d&#8217;estar, afegir comoditat al teu dormitori o crear un rac\u00f3 acollidor en el teu rac\u00f3 de lectura, els nostres coixins quadrats s\u00f3n l&#8217;elecci\u00f3 perfecta.<\/p>\n","protected":false},"featured_media":2968,"template":"","meta":{"site-sidebar-layout":"default","site-content-layout":"","ast-site-content-layout":"","site-content-style":"default","site-sidebar-style":"default","ast-global-header-display":"","ast-banner-title-visibility":"","ast-main-header-display":"","ast-hfb-above-header-display":"","ast-hfb-below-header-display":"","ast-hfb-mobile-header-display":"","site-post-title":"","ast-breadcrumbs-content":"","ast-featured-img":"","footer-sml-layout":"","theme-transparent-header-meta":"default","adv-header-id-meta":"","stick-header-meta":"default","header-above-stick-meta":"","header-main-stick-meta":"","header-below-stick-meta":"","astra-migrate-meta-layouts":"","ast-page-background-enabled":"default","ast-page-background-meta":{"desktop":{"background-color":"","background-image":"","background-repeat":"repeat","background-position":"center center","background-size":"auto","background-attachment":"scroll","background-type":"","background-media":"","overlay-type":"","overlay-color":"","overlay-gradient":""},"tablet":{"background-color":"","background-image":"","background-repeat":"repeat","background-position":"center center","background-size":"auto","background-attachment":"scroll","background-type":"","background-media":"","overlay-type":"","overlay-color":"","overlay-gradient":""},"mobile":{"background-color":"","background-image":"","background-repeat":"repeat","background-position":"center center","background-size":"auto","background-attachment":"scroll","background-type":"","background-media":"","overlay-type":"","overlay-color":"","overlay-gradient":""}},"ast-content-background-meta":{"desktop":{"background-color":"var(--ast-global-color-5)","background-image":"","background-repeat":"repeat","background-position":"center center","background-size":"auto","background-attachment":"scroll","background-type":"","background-media":"","overlay-type":"","overlay-color":"","overlay-gradient":""},"tablet":{"background-color":"var(--ast-global-color-5)","background-image":"","background-repeat":"repeat","background-position":"center center","background-size":"auto","background-attachment":"scroll","background-type":"","background-media":"","overlay-type":"","overlay-color":"","overlay-gradient":""},"mobile":{"background-color":"var(--ast-global-color-5)","background-image":"","background-repeat":"repeat","background-position":"center center","background-size":"auto","background-attachment":"scroll","background-type":"","background-media":"","overlay-type":"","overlay-color":"","overlay-gradient":""}}},"product_cat":[71,72],"product_tag":[],"_links":{"self":[{"href":"https:\/\/www.cdi-sl.com\/ca\/wp-json\/wp\/v2\/product\/3200"}],"collection":[{"href":"https:\/\/www.cdi-sl.com\/ca\/wp-json\/wp\/v2\/product"}],"about":[{"href":"https:\/\/www.cdi-sl.com\/ca\/wp-json\/wp\/v2\/types\/product"}],"wp:featuredmedia":[{"embeddable":true,"href":"https:\/\/www.cdi-sl.com\/ca\/wp-json\/wp\/v2\/media\/2968"}],"wp:attachment":[{"href":"https:\/\/www.cdi-sl.com\/ca\/wp-json\/wp\/v2\/media?parent=3200"}],"wp:term":[{"taxonomy":"product_cat","embeddable":true,"href":"https:\/\/www.cdi-sl.com\/ca\/wp-json\/wp\/v2\/product_cat?post=3200"},{"taxonomy":"product_tag","embeddable":true,"href":"https:\/\/www.cdi-sl.com\/ca\/wp-json\/wp\/v2\/product_tag?post=3200"}],"curies":[{"name":"wp","href":"https:\/\/api.w.org\/{rel}","templated":true}]}}