{"id":3201,"date":"2023-10-20T10:43:17","date_gmt":"2023-10-20T08:43:17","guid":{"rendered":"https:\/\/www.cdi-sl.com\/producto\/coixi-cor-amb-foto\/"},"modified":"2024-01-16T11:20:08","modified_gmt":"2024-01-16T10:20:08","slug":"coixi-cor-amb-foto","status":"publish","type":"product","link":"https:\/\/www.cdi-sl.com\/ca\/producto\/coixi-cor-amb-foto\/","title":{"rendered":"Coix\u00ed cor amb foto"},"content":{"rendered":"","protected":false},"excerpt":{"rendered":"<p>Els nostres coixins en forma de cor amb foto s\u00f3n molt m\u00e9s que simples coixins; s\u00f3n regals carregats d&#8217;amor i records especials. S\u00f3n l&#8217;opci\u00f3 perfecta per a capturar moments memorables i mantenir-los prop del teu cor.<\/p>\n<p>Personalitzar el teu coix\u00ed \u00e9s f\u00e0cil i divertit. Simplement carrega la teva foto favorita, ja sigui un retrat de fam\u00edlia, una imatge de la teva mascota volguda o un record especial, i nosaltres ens encarregarem de la resta. Els nostres experts asseguraran que la qualitat d&#8217;impressi\u00f3 sigui excepcional, perqu\u00e8 la teva imatge llueixi amb la nitidesa i els colors que mereix.<\/p>\n<p>Aquests coixins s\u00f3n ideals per a regals d&#8217;aniversaris, aniversaris, Sant Valent\u00ed o qualsevol ocasi\u00f3 especial. Tamb\u00e9 s\u00f3n una excel\u00b7lent manera d&#8217;omplir la teva llar d&#8217;amor i records.<\/p>\n","protected":false},"featured_media":2967,"template":"","meta":{"site-sidebar-layout":"default","site-content-layout":"","ast-site-content-layout":"","site-content-style":"default","site-sidebar-style":"default","ast-global-header-display":"","ast-banner-title-visibility":"","ast-main-header-display":"","ast-hfb-above-header-display":"","ast-hfb-below-header-display":"","ast-hfb-mobile-header-display":"","site-post-title":"","ast-breadcrumbs-content":"","ast-featured-img":"","footer-sml-layout":"","theme-transparent-header-meta":"default","adv-header-id-meta":"","stick-header-meta":"default","header-above-stick-meta":"","header-main-stick-meta":"","header-below-stick-meta":"","astra-migrate-meta-layouts":"","ast-page-background-enabled":"default","ast-page-background-meta":{"desktop":{"background-color":"","background-image":"","background-repeat":"repeat","background-position":"center center","background-size":"auto","background-attachment":"scroll","background-type":"","background-media":"","overlay-type":"","overlay-color":"","overlay-gradient":""},"tablet":{"background-color":"","background-image":"","background-repeat":"repeat","background-position":"center center","background-size":"auto","background-attachment":"scroll","background-type":"","background-media":"","overlay-type":"","overlay-color":"","overlay-gradient":""},"mobile":{"background-color":"","background-image":"","background-repeat":"repeat","background-position":"center center","background-size":"auto","background-attachment":"scroll","background-type":"","background-media":"","overlay-type":"","overlay-color":"","overlay-gradient":""}},"ast-content-background-meta":{"desktop":{"background-color":"var(--ast-global-color-5)","background-image":"","background-repeat":"repeat","background-position":"center center","background-size":"auto","background-attachment":"scroll","background-type":"","background-media":"","overlay-type":"","overlay-color":"","overlay-gradient":""},"tablet":{"background-color":"var(--ast-global-color-5)","background-image":"","background-repeat":"repeat","background-position":"center center","background-size":"auto","background-attachment":"scroll","background-type":"","background-media":"","overlay-type":"","overlay-color":"","overlay-gradient":""},"mobile":{"background-color":"var(--ast-global-color-5)","background-image":"","background-repeat":"repeat","background-position":"center center","background-size":"auto","background-attachment":"scroll","background-type":"","background-media":"","overlay-type":"","overlay-color":"","overlay-gradient":""}}},"product_cat":[71,72],"product_tag":[],"_links":{"self":[{"href":"https:\/\/www.cdi-sl.com\/ca\/wp-json\/wp\/v2\/product\/3201"}],"collection":[{"href":"https:\/\/www.cdi-sl.com\/ca\/wp-json\/wp\/v2\/product"}],"about":[{"href":"https:\/\/www.cdi-sl.com\/ca\/wp-json\/wp\/v2\/types\/product"}],"wp:featuredmedia":[{"embeddable":true,"href":"https:\/\/www.cdi-sl.com\/ca\/wp-json\/wp\/v2\/media\/2967"}],"wp:attachment":[{"href":"https:\/\/www.cdi-sl.com\/ca\/wp-json\/wp\/v2\/media?parent=3201"}],"wp:term":[{"taxonomy":"product_cat","embeddable":true,"href":"https:\/\/www.cdi-sl.com\/ca\/wp-json\/wp\/v2\/product_cat?post=3201"},{"taxonomy":"product_tag","embeddable":true,"href":"https:\/\/www.cdi-sl.com\/ca\/wp-json\/wp\/v2\/product_tag?post=3201"}],"curies":[{"name":"wp","href":"https:\/\/api.w.org\/{rel}","templated":true}]}}