{"id":3203,"date":"2023-10-19T12:50:52","date_gmt":"2023-10-19T10:50:52","guid":{"rendered":"https:\/\/www.cdi-sl.com\/producto\/gorres\/"},"modified":"2023-10-19T12:50:52","modified_gmt":"2023-10-19T10:50:52","slug":"gorres","status":"publish","type":"product","link":"https:\/\/www.cdi-sl.com\/ca\/producto\/gorres\/","title":{"rendered":"Gorres"},"content":{"rendered":"","protected":false},"excerpt":{"rendered":"<p>Les nostres gorres s\u00f3n molt m\u00e9s que un accessori; s\u00f3n una declaraci\u00f3 d&#8217;estil i personalitat Dissenyades per a brindar-te comoditat i protecci\u00f3, aquestes gorres s\u00f3n el complement perfecte per a qualsevol abillament.<\/p>\n<p>Disponibles en una \u00e0mplia gamma d&#8217;estils, des de les cl\u00e0ssiques gorres de beisbol fins a les modernes gorres trucker, trobar\u00e0s l&#8217;opci\u00f3 que s&#8217;adapti al teu estil \u00fanic. A m\u00e9s, pots personalitzar-les amb els teus propis dissenys, logotips o missatges per a destacar encara m\u00e9s.<\/p>\n<p>Ja sigui per a protegir-te del sol, complementar el teu estil diari o promocionar la teva marca, les nostres gorres s\u00f3n vers\u00e0tils i duradores. S\u00f3n ideals per a l&#8217;\u00fas diari, activitats a l&#8217;aire lliure, esdeveniments esportius o com a regal per a amics i sers estimats.<\/p>\n","protected":false},"featured_media":2958,"template":"","meta":{"site-sidebar-layout":"default","site-content-layout":"","ast-site-content-layout":"","site-content-style":"default","site-sidebar-style":"default","ast-global-header-display":"","ast-banner-title-visibility":"","ast-main-header-display":"","ast-hfb-above-header-display":"","ast-hfb-below-header-display":"","ast-hfb-mobile-header-display":"","site-post-title":"","ast-breadcrumbs-content":"","ast-featured-img":"","footer-sml-layout":"","theme-transparent-header-meta":"default","adv-header-id-meta":"","stick-header-meta":"default","header-above-stick-meta":"","header-main-stick-meta":"","header-below-stick-meta":"","astra-migrate-meta-layouts":"","ast-page-background-enabled":"default","ast-page-background-meta":{"desktop":{"background-color":"","background-image":"","background-repeat":"repeat","background-position":"center center","background-size":"auto","background-attachment":"scroll","background-type":"","background-media":"","overlay-type":"","overlay-color":"","overlay-gradient":""},"tablet":{"background-color":"","background-image":"","background-repeat":"repeat","background-position":"center center","background-size":"auto","background-attachment":"scroll","background-type":"","background-media":"","overlay-type":"","overlay-color":"","overlay-gradient":""},"mobile":{"background-color":"","background-image":"","background-repeat":"repeat","background-position":"center center","background-size":"auto","background-attachment":"scroll","background-type":"","background-media":"","overlay-type":"","overlay-color":"","overlay-gradient":""}},"ast-content-background-meta":{"desktop":{"background-color":"var(--ast-global-color-5)","background-image":"","background-repeat":"repeat","background-position":"center center","background-size":"auto","background-attachment":"scroll","background-type":"","background-media":"","overlay-type":"","overlay-color":"","overlay-gradient":""},"tablet":{"background-color":"var(--ast-global-color-5)","background-image":"","background-repeat":"repeat","background-position":"center center","background-size":"auto","background-attachment":"scroll","background-type":"","background-media":"","overlay-type":"","overlay-color":"","overlay-gradient":""},"mobile":{"background-color":"var(--ast-global-color-5)","background-image":"","background-repeat":"repeat","background-position":"center center","background-size":"auto","background-attachment":"scroll","background-type":"","background-media":"","overlay-type":"","overlay-color":"","overlay-gradient":""}}},"product_cat":[71,72],"product_tag":[],"_links":{"self":[{"href":"https:\/\/www.cdi-sl.com\/ca\/wp-json\/wp\/v2\/product\/3203"}],"collection":[{"href":"https:\/\/www.cdi-sl.com\/ca\/wp-json\/wp\/v2\/product"}],"about":[{"href":"https:\/\/www.cdi-sl.com\/ca\/wp-json\/wp\/v2\/types\/product"}],"wp:featuredmedia":[{"embeddable":true,"href":"https:\/\/www.cdi-sl.com\/ca\/wp-json\/wp\/v2\/media\/2958"}],"wp:attachment":[{"href":"https:\/\/www.cdi-sl.com\/ca\/wp-json\/wp\/v2\/media?parent=3203"}],"wp:term":[{"taxonomy":"product_cat","embeddable":true,"href":"https:\/\/www.cdi-sl.com\/ca\/wp-json\/wp\/v2\/product_cat?post=3203"},{"taxonomy":"product_tag","embeddable":true,"href":"https:\/\/www.cdi-sl.com\/ca\/wp-json\/wp\/v2\/product_tag?post=3203"}],"curies":[{"name":"wp","href":"https:\/\/api.w.org\/{rel}","templated":true}]}}