{"id":3205,"date":"2023-10-19T12:48:34","date_gmt":"2023-10-19T10:48:34","guid":{"rendered":"https:\/\/www.cdi-sl.com\/producto\/samarretes-pispa-llarga\/"},"modified":"2023-10-19T12:48:34","modified_gmt":"2023-10-19T10:48:34","slug":"samarretes-pispa-llarga","status":"publish","type":"product","link":"https:\/\/www.cdi-sl.com\/ca\/producto\/samarretes-pispa-llarga\/","title":{"rendered":"Samarretes pispa llarga"},"content":{"rendered":"","protected":false},"excerpt":{"rendered":"<p>Les samarretes de m\u00e0niga llarga s\u00f3n l&#8217;opci\u00f3 perfecta per a mantenir-te c\u00f2mode i amb estil en qualsevol temporada! La nostra col\u00b7lecci\u00f3 de samarretes de m\u00e0niga llarga est\u00e0 dissenyada pensant en la versatilitat, la moda i la comoditat.<\/p>\n<p>Fabricades amb materials suaus i transpirables, les nostres samarretes de m\u00e0niga llarga s\u00f3n ideals per a portar soles o sota altres peces en dies freds. L&#8217;ajust perfecte i els dissenys moderns et faran sentir segur i amb estil en qualsevol ocasi\u00f3.<\/p>\n<p>Des de samarretes de m\u00e0niga llarga cl\u00e0ssiques fins a opcions amb patrons i estampats a la moda, tenim alguna cosa per a tots els gustos. Ja sigui que busquis una pe\u00e7a elegant per a una nit a la ciutat o una samarreta c\u00f2moda per a relaxar-te a casa, la nostra col\u00b7lecci\u00f3 t&#8217;ofereix infinites possibilitats.<\/p>\n<p>I si desitges personalitzar la teva samarreta de m\u00e0niga llarga amb el teu propi disseny, tamb\u00e9 podem fer-ho realitat! Aquestes samarretes s\u00f3n el llen\u00e7 perfecte per a expressar la teva creativitat.<\/p>\n","protected":false},"featured_media":2956,"template":"","meta":{"site-sidebar-layout":"default","site-content-layout":"","ast-site-content-layout":"","site-content-style":"default","site-sidebar-style":"default","ast-global-header-display":"","ast-banner-title-visibility":"","ast-main-header-display":"","ast-hfb-above-header-display":"","ast-hfb-below-header-display":"","ast-hfb-mobile-header-display":"","site-post-title":"","ast-breadcrumbs-content":"","ast-featured-img":"","footer-sml-layout":"","theme-transparent-header-meta":"default","adv-header-id-meta":"","stick-header-meta":"default","header-above-stick-meta":"","header-main-stick-meta":"","header-below-stick-meta":"","astra-migrate-meta-layouts":"","ast-page-background-enabled":"default","ast-page-background-meta":{"desktop":{"background-color":"","background-image":"","background-repeat":"repeat","background-position":"center center","background-size":"auto","background-attachment":"scroll","background-type":"","background-media":"","overlay-type":"","overlay-color":"","overlay-gradient":""},"tablet":{"background-color":"","background-image":"","background-repeat":"repeat","background-position":"center center","background-size":"auto","background-attachment":"scroll","background-type":"","background-media":"","overlay-type":"","overlay-color":"","overlay-gradient":""},"mobile":{"background-color":"","background-image":"","background-repeat":"repeat","background-position":"center center","background-size":"auto","background-attachment":"scroll","background-type":"","background-media":"","overlay-type":"","overlay-color":"","overlay-gradient":""}},"ast-content-background-meta":{"desktop":{"background-color":"var(--ast-global-color-5)","background-image":"","background-repeat":"repeat","background-position":"center center","background-size":"auto","background-attachment":"scroll","background-type":"","background-media":"","overlay-type":"","overlay-color":"","overlay-gradient":""},"tablet":{"background-color":"var(--ast-global-color-5)","background-image":"","background-repeat":"repeat","background-position":"center center","background-size":"auto","background-attachment":"scroll","background-type":"","background-media":"","overlay-type":"","overlay-color":"","overlay-gradient":""},"mobile":{"background-color":"var(--ast-global-color-5)","background-image":"","background-repeat":"repeat","background-position":"center center","background-size":"auto","background-attachment":"scroll","background-type":"","background-media":"","overlay-type":"","overlay-color":"","overlay-gradient":""}}},"product_cat":[71,72],"product_tag":[],"_links":{"self":[{"href":"https:\/\/www.cdi-sl.com\/ca\/wp-json\/wp\/v2\/product\/3205"}],"collection":[{"href":"https:\/\/www.cdi-sl.com\/ca\/wp-json\/wp\/v2\/product"}],"about":[{"href":"https:\/\/www.cdi-sl.com\/ca\/wp-json\/wp\/v2\/types\/product"}],"wp:featuredmedia":[{"embeddable":true,"href":"https:\/\/www.cdi-sl.com\/ca\/wp-json\/wp\/v2\/media\/2956"}],"wp:attachment":[{"href":"https:\/\/www.cdi-sl.com\/ca\/wp-json\/wp\/v2\/media?parent=3205"}],"wp:term":[{"taxonomy":"product_cat","embeddable":true,"href":"https:\/\/www.cdi-sl.com\/ca\/wp-json\/wp\/v2\/product_cat?post=3205"},{"taxonomy":"product_tag","embeddable":true,"href":"https:\/\/www.cdi-sl.com\/ca\/wp-json\/wp\/v2\/product_tag?post=3205"}],"curies":[{"name":"wp","href":"https:\/\/api.w.org\/{rel}","templated":true}]}}