{"id":3206,"date":"2023-10-19T12:47:17","date_gmt":"2023-10-19T10:47:17","guid":{"rendered":"https:\/\/www.cdi-sl.com\/producto\/samarretes-pispa-tala\/"},"modified":"2023-10-19T12:47:17","modified_gmt":"2023-10-19T10:47:17","slug":"samarretes-pispa-tala","status":"publish","type":"product","link":"https:\/\/www.cdi-sl.com\/ca\/producto\/samarretes-pispa-tala\/","title":{"rendered":"Samarretes pispa tala"},"content":{"rendered":"","protected":false},"excerpt":{"rendered":"<p>Prepara&#8217;t per a lluir amb estil i comoditat amb les nostres samarretes de m\u00e0niga curta! Trobar\u00e0s molt m\u00e9s que una simple prengui en el nostre cat\u00e0leg: descobrir\u00e0s una expressi\u00f3 de la teva personalitat, una declaraci\u00f3 de moda i la m\u00e0xima comoditat en un sol paquet.<\/p>\n<p>Les nostres samarretes estan confeccionades amb teles d&#8217;alta qualitat que se senten suaus al tacte i s\u00f3n transpirables, la qual cosa et mantindr\u00e0 fresc durant tot el dia. L&#8217;ajust perfecte i els dissenys moderns fan que aquestes samarretes siguin ideals per a qualsevol ocasi\u00f3.<\/p>\n<p>Ya sea que desees una camiseta sencilla y cl\u00e1sica o una con un dise\u00f1o audaz y llamativo, tenemos opciones para todos los gustos. Des d&#8217;estampats creatius fins a colors s\u00f2lids i vers\u00e0tils, estem segurs que trobar\u00e0s la samarreta perfecta per al teu estil \u00fanic.<\/p>\n<p>Les nostres samarretes s\u00f3n f\u00e0cils de combinar amb jeans, pantalons curts o fins i tot una faldilla per a un toc m\u00e9s elegant. I, per descomptat, s\u00f3n una excel\u00b7lent opci\u00f3 per a estampar els teus propis dissenys personalitzats.<\/p>\n","protected":false},"featured_media":2955,"template":"","meta":{"site-sidebar-layout":"default","site-content-layout":"","ast-site-content-layout":"","site-content-style":"default","site-sidebar-style":"default","ast-global-header-display":"","ast-banner-title-visibility":"","ast-main-header-display":"","ast-hfb-above-header-display":"","ast-hfb-below-header-display":"","ast-hfb-mobile-header-display":"","site-post-title":"","ast-breadcrumbs-content":"","ast-featured-img":"","footer-sml-layout":"","theme-transparent-header-meta":"default","adv-header-id-meta":"","stick-header-meta":"default","header-above-stick-meta":"","header-main-stick-meta":"","header-below-stick-meta":"","astra-migrate-meta-layouts":"","ast-page-background-enabled":"default","ast-page-background-meta":{"desktop":{"background-color":"","background-image":"","background-repeat":"repeat","background-position":"center center","background-size":"auto","background-attachment":"scroll","background-type":"","background-media":"","overlay-type":"","overlay-color":"","overlay-gradient":""},"tablet":{"background-color":"","background-image":"","background-repeat":"repeat","background-position":"center center","background-size":"auto","background-attachment":"scroll","background-type":"","background-media":"","overlay-type":"","overlay-color":"","overlay-gradient":""},"mobile":{"background-color":"","background-image":"","background-repeat":"repeat","background-position":"center center","background-size":"auto","background-attachment":"scroll","background-type":"","background-media":"","overlay-type":"","overlay-color":"","overlay-gradient":""}},"ast-content-background-meta":{"desktop":{"background-color":"var(--ast-global-color-5)","background-image":"","background-repeat":"repeat","background-position":"center center","background-size":"auto","background-attachment":"scroll","background-type":"","background-media":"","overlay-type":"","overlay-color":"","overlay-gradient":""},"tablet":{"background-color":"var(--ast-global-color-5)","background-image":"","background-repeat":"repeat","background-position":"center center","background-size":"auto","background-attachment":"scroll","background-type":"","background-media":"","overlay-type":"","overlay-color":"","overlay-gradient":""},"mobile":{"background-color":"var(--ast-global-color-5)","background-image":"","background-repeat":"repeat","background-position":"center center","background-size":"auto","background-attachment":"scroll","background-type":"","background-media":"","overlay-type":"","overlay-color":"","overlay-gradient":""}}},"product_cat":[71,72],"product_tag":[],"_links":{"self":[{"href":"https:\/\/www.cdi-sl.com\/ca\/wp-json\/wp\/v2\/product\/3206"}],"collection":[{"href":"https:\/\/www.cdi-sl.com\/ca\/wp-json\/wp\/v2\/product"}],"about":[{"href":"https:\/\/www.cdi-sl.com\/ca\/wp-json\/wp\/v2\/types\/product"}],"wp:featuredmedia":[{"embeddable":true,"href":"https:\/\/www.cdi-sl.com\/ca\/wp-json\/wp\/v2\/media\/2955"}],"wp:attachment":[{"href":"https:\/\/www.cdi-sl.com\/ca\/wp-json\/wp\/v2\/media?parent=3206"}],"wp:term":[{"taxonomy":"product_cat","embeddable":true,"href":"https:\/\/www.cdi-sl.com\/ca\/wp-json\/wp\/v2\/product_cat?post=3206"},{"taxonomy":"product_tag","embeddable":true,"href":"https:\/\/www.cdi-sl.com\/ca\/wp-json\/wp\/v2\/product_tag?post=3206"}],"curies":[{"name":"wp","href":"https:\/\/api.w.org\/{rel}","templated":true}]}}