{"id":3210,"date":"2023-10-19T12:39:33","date_gmt":"2023-10-19T10:39:33","guid":{"rendered":"https:\/\/www.cdi-sl.com\/producto\/xapa-gran-38-mm\/"},"modified":"2023-10-19T12:39:33","modified_gmt":"2023-10-19T10:39:33","slug":"xapa-gran-38-mm","status":"publish","type":"product","link":"https:\/\/www.cdi-sl.com\/ca\/producto\/xapa-gran-38-mm\/","title":{"rendered":"Xapa gran 38 mm"},"content":{"rendered":"","protected":false},"excerpt":{"rendered":"<p>Les nostres xapes grans de 38 mm s\u00f3n molt m\u00e9s que simples accessoris; s\u00f3n declaracions d&#8217;estil, una manera d&#8217;expressar-te i personalitzar el teu look. Aquestes xapes et permeten mostrar la teva creativitat d&#8217;una manera \u00fanica i cridanera.<\/p>\n<p>Fabricades amb materials d&#8217;alta qualitat, les nostres xapes grans s\u00f3n resistents i duradores, la qual cosa les converteix en l&#8217;elecci\u00f3 perfecta per a adornar la teva roba, motxilles, gorres o qualsevol cosa que desitgis personalitzar. La seva grand\u00e0ria \u00e9s ideal per a destacar el teu disseny, ja sigui una il\u00b7lustraci\u00f3 divertida, una declaraci\u00f3 de moda o un missatge especial.<\/p>\n<p>Personalitzar les teves xapes \u00e9s molt senzill. Nom\u00e9s has de carregar el teu disseny, imatge o text, i nosaltres ens encarregarem de la resta. \u00c9s una excel\u00b7lent manera de mostrar la teva creativitat o expressar les teves idees. Tamb\u00e9 s\u00f3n ideals per a regals personalitzats que faran somriure als teus amics i sers estimats.<\/p>\n","protected":false},"featured_media":2951,"template":"","meta":{"site-sidebar-layout":"default","site-content-layout":"","ast-site-content-layout":"","site-content-style":"default","site-sidebar-style":"default","ast-global-header-display":"","ast-banner-title-visibility":"","ast-main-header-display":"","ast-hfb-above-header-display":"","ast-hfb-below-header-display":"","ast-hfb-mobile-header-display":"","site-post-title":"","ast-breadcrumbs-content":"","ast-featured-img":"","footer-sml-layout":"","theme-transparent-header-meta":"default","adv-header-id-meta":"","stick-header-meta":"default","header-above-stick-meta":"","header-main-stick-meta":"","header-below-stick-meta":"","astra-migrate-meta-layouts":"","ast-page-background-enabled":"default","ast-page-background-meta":{"desktop":{"background-color":"","background-image":"","background-repeat":"repeat","background-position":"center center","background-size":"auto","background-attachment":"scroll","background-type":"","background-media":"","overlay-type":"","overlay-color":"","overlay-gradient":""},"tablet":{"background-color":"","background-image":"","background-repeat":"repeat","background-position":"center center","background-size":"auto","background-attachment":"scroll","background-type":"","background-media":"","overlay-type":"","overlay-color":"","overlay-gradient":""},"mobile":{"background-color":"","background-image":"","background-repeat":"repeat","background-position":"center center","background-size":"auto","background-attachment":"scroll","background-type":"","background-media":"","overlay-type":"","overlay-color":"","overlay-gradient":""}},"ast-content-background-meta":{"desktop":{"background-color":"var(--ast-global-color-5)","background-image":"","background-repeat":"repeat","background-position":"center center","background-size":"auto","background-attachment":"scroll","background-type":"","background-media":"","overlay-type":"","overlay-color":"","overlay-gradient":""},"tablet":{"background-color":"var(--ast-global-color-5)","background-image":"","background-repeat":"repeat","background-position":"center center","background-size":"auto","background-attachment":"scroll","background-type":"","background-media":"","overlay-type":"","overlay-color":"","overlay-gradient":""},"mobile":{"background-color":"var(--ast-global-color-5)","background-image":"","background-repeat":"repeat","background-position":"center center","background-size":"auto","background-attachment":"scroll","background-type":"","background-media":"","overlay-type":"","overlay-color":"","overlay-gradient":""}}},"product_cat":[71,72],"product_tag":[],"_links":{"self":[{"href":"https:\/\/www.cdi-sl.com\/ca\/wp-json\/wp\/v2\/product\/3210"}],"collection":[{"href":"https:\/\/www.cdi-sl.com\/ca\/wp-json\/wp\/v2\/product"}],"about":[{"href":"https:\/\/www.cdi-sl.com\/ca\/wp-json\/wp\/v2\/types\/product"}],"wp:featuredmedia":[{"embeddable":true,"href":"https:\/\/www.cdi-sl.com\/ca\/wp-json\/wp\/v2\/media\/2951"}],"wp:attachment":[{"href":"https:\/\/www.cdi-sl.com\/ca\/wp-json\/wp\/v2\/media?parent=3210"}],"wp:term":[{"taxonomy":"product_cat","embeddable":true,"href":"https:\/\/www.cdi-sl.com\/ca\/wp-json\/wp\/v2\/product_cat?post=3210"},{"taxonomy":"product_tag","embeddable":true,"href":"https:\/\/www.cdi-sl.com\/ca\/wp-json\/wp\/v2\/product_tag?post=3210"}],"curies":[{"name":"wp","href":"https:\/\/api.w.org\/{rel}","templated":true}]}}